{"id":91,"date":"2025-08-30T17:51:46","date_gmt":"2025-08-30T15:51:46","guid":{"rendered":"https:\/\/cdbs.pl\/?page_id=91"},"modified":"2025-09-08T00:30:03","modified_gmt":"2025-09-07T22:30:03","slug":"kontakt-2","status":"publish","type":"page","link":"https:\/\/cdbs.pl\/","title":{"rendered":"ZAKRES US\u0141UG"},"content":{"rendered":"\t\t<div data-elementor-type=\"wp-page\" data-elementor-id=\"91\" class=\"elementor elementor-91\">\n\t\t\t\t<div class=\"elementor-element elementor-element-cce2823 e-flex e-con-boxed e-con e-parent\" data-id=\"cce2823\" data-element_type=\"container\" data-settings=\"{&quot;background_background&quot;:&quot;classic&quot;}\">\n\t\t\t\t\t<div class=\"e-con-inner\">\n\t\t\t\t<div class=\"elementor-element elementor-element-7777ba9 elementor-widget elementor-widget-text-editor\" data-id=\"7777ba9\" data-element_type=\"widget\" data-widget_type=\"text-editor.default\">\n\t\t\t\t\t\t\t\t\t<p>\u00a0<\/p><p>Doradztwo w zakresie zakupu nieruchomo\u015bci \ud83c\udfe1<br \/>Pomagam znale\u017a\u0107 idealne miejsce na Teneryfie \u2013 czy marzysz o apartamencie z widokiem na ocean, wygodnym domu dla rodziny czy inwestycji pod wynajem. Towarzysz\u0119 na ka\u017cdym etapie: od pierwszej rozmowy po podpisanie aktu notarialnego.<\/p><p>Doradztwo inwestycyjne \ud83d\udcb0<br \/>Znam rynek i wiem, kt\u00f3re lokalizacje maj\u0105 najwi\u0119kszy potencja\u0142. Podpowiem, w co warto zainwestowa\u0107, aby Twoja nieruchomo\u015b\u0107 przynosi\u0142a realne zyski \u2013 zar\u00f3wno w perspektywie kr\u00f3tkiej, jak i d\u0142ugoterminowej.<\/p><p>Obs\u0142uga mi\u0119dzynarodowa \ud83c\udf0d<br \/>Proces zakupu w Hiszpanii mo\u017ce wydawa\u0107 si\u0119 skomplikowany, ale ze mn\u0105 wszystko staje si\u0119 proste i bezpieczne. Pomog\u0119 w formalno\u015bciach \u2013 od numeru N.I.E., przez konto bankowe, a\u017c po notariusza. Wsp\u00f3\u0142pracuj\u0119 z klientami w j\u0119zyku polskim, angielskim, hiszpa\u0144skim i rosyjskim.<\/p><p>Indywidualne podej\u015bcie \ud83e\udd1d<br \/>Ka\u017cdy klient i ka\u017cda nieruchomo\u015b\u0107 to inna historia. Dlatego zawsze zaczynam od poznania Twoich potrzeb, aby zaproponowa\u0107 rozwi\u0105zania najlepiej dopasowane do Ciebie. Nawet po zako\u0144czeniu transakcji mo\u017cesz liczy\u0107 na moje wsparcie i rekomendacje sprawdzonych lokalnych\u00a0us\u0142ug.<\/p>\t\t\t\t\t\t\t\t<\/div>\n\t\t\t\t\t<\/div>\n\t\t\t\t<\/div>\n\t\t<div class=\"elementor-element elementor-element-3fbad48 e-flex e-con-boxed e-con e-parent\" data-id=\"3fbad48\" data-element_type=\"container\">\n\t\t\t\t\t<div class=\"e-con-inner\">\n\t\t\t\t\t<\/div>\n\t\t\t\t<\/div>\n\t\t<div class=\"elementor-element elementor-element-b094d0c e-grid e-con-boxed e-con e-parent\" data-id=\"b094d0c\" data-element_type=\"container\">\n\t\t\t\t\t<div class=\"e-con-inner\">\n\t\t\t\t\t<\/div>\n\t\t\t\t<\/div>\n\t\t\t\t<\/div>\n\t\t","protected":false},"excerpt":{"rendered":"<p>\u00a0 Doradztwo w zakresie zakupu nieruchomo\u015bci \ud83c\udfe1Pomagam znale\u017a\u0107 idealne miejsce na Teneryfie \u2013 czy marzysz o apartamencie z widokiem na [&hellip;]<\/p>\n","protected":false},"author":1,"featured_media":0,"parent":0,"menu_order":1,"comment_status":"closed","ping_status":"closed","template":"","meta":{"site-sidebar-layout":"no-sidebar","site-content-layout":"","ast-site-content-layout":"full-width-container","site-content-style":"default","site-sidebar-style":"default","ast-global-header-display":"","ast-banner-title-visibility":"","ast-main-header-display":"","ast-hfb-above-header-display":"","ast-hfb-below-header-display":"","ast-hfb-mobile-header-display":"","site-post-title":"disabled","ast-breadcrumbs-content":"","ast-featured-img":"disabled","footer-sml-layout":"","theme-transparent-header-meta":"","adv-header-id-meta":"","stick-header-meta":"","header-above-stick-meta":"","header-main-stick-meta":"","header-below-stick-meta":"","astra-migrate-meta-layouts":"default","ast-page-background-enabled":"default","ast-page-background-meta":{"desktop":{"background-color":"var(--ast-global-color-5)","background-image":"","background-repeat":"repeat","background-position":"center center","background-size":"auto","background-attachment":"scroll","background-type":"","background-media":"","overlay-type":"","overlay-color":"","overlay-opacity":"","overlay-gradient":""},"tablet":{"background-color":"","background-image":"","background-repeat":"repeat","background-position":"center center","background-size":"auto","background-attachment":"scroll","background-type":"","background-media":"","overlay-type":"","overlay-color":"","overlay-opacity":"","overlay-gradient":""},"mobile":{"background-color":"","background-image":"","background-repeat":"repeat","background-position":"center center","background-size":"auto","background-attachment":"scroll","background-type":"","background-media":"","overlay-type":"","overlay-color":"","overlay-opacity":"","overlay-gradient":""}},"ast-content-background-meta":{"desktop":{"background-color":"var(--ast-global-color-4)","background-image":"","background-repeat":"repeat","background-position":"center center","background-size":"auto","background-attachment":"scroll","background-type":"","background-media":"","overlay-type":"","overlay-color":"","overlay-opacity":"","overlay-gradient":""},"tablet":{"background-color":"var(--ast-global-color-4)","background-image":"","background-repeat":"repeat","background-position":"center center","background-size":"auto","background-attachment":"scroll","background-type":"","background-media":"","overlay-type":"","overlay-color":"","overlay-opacity":"","overlay-gradient":""},"mobile":{"background-color":"var(--ast-global-color-4)","background-image":"","background-repeat":"repeat","background-position":"center center","background-size":"auto","background-attachment":"scroll","background-type":"","background-media":"","overlay-type":"","overlay-color":"","overlay-opacity":"","overlay-gradient":""}},"footnotes":""},"class_list":["post-91","page","type-page","status-publish","hentry"],"_links":{"self":[{"href":"https:\/\/cdbs.pl\/index.php?rest_route=\/wp\/v2\/pages\/91","targetHints":{"allow":["GET"]}}],"collection":[{"href":"https:\/\/cdbs.pl\/index.php?rest_route=\/wp\/v2\/pages"}],"about":[{"href":"https:\/\/cdbs.pl\/index.php?rest_route=\/wp\/v2\/types\/page"}],"author":[{"embeddable":true,"href":"https:\/\/cdbs.pl\/index.php?rest_route=\/wp\/v2\/users\/1"}],"replies":[{"embeddable":true,"href":"https:\/\/cdbs.pl\/index.php?rest_route=%2Fwp%2Fv2%2Fcomments&post=91"}],"version-history":[{"count":53,"href":"https:\/\/cdbs.pl\/index.php?rest_route=\/wp\/v2\/pages\/91\/revisions"}],"predecessor-version":[{"id":264,"href":"https:\/\/cdbs.pl\/index.php?rest_route=\/wp\/v2\/pages\/91\/revisions\/264"}],"wp:attachment":[{"href":"https:\/\/cdbs.pl\/index.php?rest_route=%2Fwp%2Fv2%2Fmedia&parent=91"}],"curies":[{"name":"wp","href":"https:\/\/api.w.org\/{rel}","templated":true}]}}